{"id":52979,"date":"2025-02-23T02:43:09","date_gmt":"2025-02-22T18:43:09","guid":{"rendered":"https:\/\/labs.bioresis.com\/?post_type=product&#038;p=52979"},"modified":"2025-02-26T15:40:27","modified_gmt":"2025-02-26T07:40:27","slug":"lion-mane-hericium-erinaceus-ordinary-powder","status":"publish","type":"product","link":"https:\/\/labs.bioresis.com\/es\/producto\/lion-mane-hericium-erinaceus-ordinary-powder\/","title":{"rendered":"Lion Mane (Hericium Erinaceus) Ordinary Powder"},"content":{"rendered":"<p>Este producto no est\u00e1 disponible para compra directa. P\u00f3ngase en contacto con nosotros para consultar la disponibilidad y las opciones de personalizaci\u00f3n.<\/p>\n<div class=\"elementor-element elementor-element-c694b4e elementor-widget elementor-widget-wd_text_block\" data-id=\"c694b4e\" data-element_type=\"widget\" data-widget_type=\"wd_text_block.default\">\n<div class=\"elementor-widget-container\">\n<div class=\"wd-text-block reset-last-child text-left color-title\"><\/div>\n<\/div>\n<\/div>","protected":false},"excerpt":{"rendered":"<p>Este producto no est\u00e1 disponible para compra directa. P\u00f3ngase en contacto con nosotros para consultar la disponibilidad y las opciones de personalizaci\u00f3n.<\/p>\n<div class=\"elementor-element elementor-element-c694b4e elementor-widget elementor-widget-wd_text_block\" data-id=\"c694b4e\" data-element_type=\"widget\" data-widget_type=\"wd_text_block.default\">\n<div class=\"elementor-widget-container\">\n<div class=\"wd-text-block reset-last-child text-left color-title\">\n<p><strong>\u3010Beneficios principales\u3011<\/strong><\/p>\n<ul>\n<li>An ancient medicinal mushroom that is native to China.<\/li>\n<li>Anti-ulcer &amp; anti-inflammation.<\/li>\n<li>Tumour reduction &amp; prevention.<\/li>\n<li>Protects &amp; restores liver function.<\/li>\n<li>Increases immunity.<\/li>\n<li>Propiedades antienvejecimiento.<\/li>\n<li>Improves blood circulation.<\/li>\n<li>Reduces excessive blood sugar &amp; blood lipids.<\/li>\n<li>Improves organ function under Hypoxia conditions.<\/li>\n<\/ul>\n<\/ul>\n<\/div>\n<\/div>\n<p>&nbsp;<\/p>\n<\/div>","protected":false},"featured_media":52643,"comment_status":"open","ping_status":"closed","template":"","meta":[],"product_brand":[],"product_cat":[194,179],"product_tag":[],"class_list":{"0":"post-52979","1":"product","2":"type-product","3":"status-publish","4":"has-post-thumbnail","6":"product_cat-functional-mushroom-ordinary-powder","7":"product_cat-functional-mushroom-extracts-powders","9":"first","10":"instock","11":"taxable","12":"shipping-taxable","13":"product-type-simple"},"_links":{"self":[{"href":"https:\/\/labs.bioresis.com\/es\/wp-json\/wp\/v2\/product\/52979","targetHints":{"allow":["GET"]}}],"collection":[{"href":"https:\/\/labs.bioresis.com\/es\/wp-json\/wp\/v2\/product"}],"about":[{"href":"https:\/\/labs.bioresis.com\/es\/wp-json\/wp\/v2\/types\/product"}],"replies":[{"embeddable":true,"href":"https:\/\/labs.bioresis.com\/es\/wp-json\/wp\/v2\/comments?post=52979"}],"version-history":[{"count":5,"href":"https:\/\/labs.bioresis.com\/es\/wp-json\/wp\/v2\/product\/52979\/revisions"}],"predecessor-version":[{"id":53393,"href":"https:\/\/labs.bioresis.com\/es\/wp-json\/wp\/v2\/product\/52979\/revisions\/53393"}],"wp:featuredmedia":[{"embeddable":true,"href":"https:\/\/labs.bioresis.com\/es\/wp-json\/wp\/v2\/media\/52643"}],"wp:attachment":[{"href":"https:\/\/labs.bioresis.com\/es\/wp-json\/wp\/v2\/media?parent=52979"}],"wp:term":[{"taxonomy":"product_brand","embeddable":true,"href":"https:\/\/labs.bioresis.com\/es\/wp-json\/wp\/v2\/product_brand?post=52979"},{"taxonomy":"product_cat","embeddable":true,"href":"https:\/\/labs.bioresis.com\/es\/wp-json\/wp\/v2\/product_cat?post=52979"},{"taxonomy":"product_tag","embeddable":true,"href":"https:\/\/labs.bioresis.com\/es\/wp-json\/wp\/v2\/product_tag?post=52979"}],"curies":[{"name":"wp","href":"https:\/\/api.w.org\/{rel}","templated":true}]}}