{"id":52969,"date":"2025-02-23T02:40:07","date_gmt":"2025-02-22T18:40:07","guid":{"rendered":"https:\/\/labs.bioresis.com\/?post_type=product&#038;p=52969"},"modified":"2025-02-26T15:43:59","modified_gmt":"2025-02-26T07:43:59","slug":"dictyophora-induisata-ordinary-powder","status":"publish","type":"product","link":"https:\/\/labs.bioresis.com\/es\/producto\/dictyophora-induisata-ordinary-powder\/","title":{"rendered":"Dictyophora Induisata Polvo ordinario"},"content":{"rendered":"<p>Este producto no est\u00e1 disponible para compra directa. P\u00f3ngase en contacto con nosotros para consultar la disponibilidad y las opciones de personalizaci\u00f3n.<\/p>\n<div class=\"elementor-element elementor-element-c694b4e elementor-widget elementor-widget-wd_text_block\" data-id=\"c694b4e\" data-element_type=\"widget\" data-widget_type=\"wd_text_block.default\">\n<div class=\"elementor-widget-container\">\n<div class=\"wd-text-block reset-last-child text-left color-title\"><\/div>\n<\/div>\n<\/div>","protected":false},"excerpt":{"rendered":"<p>Este producto no est\u00e1 disponible para compra directa. P\u00f3ngase en contacto con nosotros para consultar la disponibilidad y las opciones de personalizaci\u00f3n.<\/p>\n<div class=\"elementor-element elementor-element-c694b4e elementor-widget elementor-widget-wd_text_block\" data-id=\"c694b4e\" data-element_type=\"widget\" data-widget_type=\"wd_text_block.default\">\n<div class=\"elementor-widget-container\">\n<div class=\"wd-text-block reset-last-child text-left color-title\">\n<p><strong>\u3010Beneficios principales\u3011<\/strong><\/p>\n<ul>\n<li>Able to treat numerous inflammatory, stomach and neural diseases.<\/li>\n<li>Clinically prescribed as a treatment for laryngitis, leucorrhoea, fever, oliguria, diarrhoea and hypertension.<\/li>\n<li>Traditionally used for a number of afflictions, including injuries, pains, cough, dysentery, enteritis, leukaemia and feebleness.<\/li>\n<\/ul>\n<\/ul>\n<\/div>\n<\/div>\n<p>&nbsp;<\/p>\n<\/div>","protected":false},"featured_media":52638,"comment_status":"open","ping_status":"closed","template":"","meta":[],"product_brand":[],"product_cat":[194,179],"product_tag":[],"class_list":{"0":"post-52969","1":"product","2":"type-product","3":"status-publish","4":"has-post-thumbnail","6":"product_cat-functional-mushroom-ordinary-powder","7":"product_cat-functional-mushroom-extracts-powders","9":"first","10":"instock","11":"taxable","12":"shipping-taxable","13":"product-type-simple"},"_links":{"self":[{"href":"https:\/\/labs.bioresis.com\/es\/wp-json\/wp\/v2\/product\/52969","targetHints":{"allow":["GET"]}}],"collection":[{"href":"https:\/\/labs.bioresis.com\/es\/wp-json\/wp\/v2\/product"}],"about":[{"href":"https:\/\/labs.bioresis.com\/es\/wp-json\/wp\/v2\/types\/product"}],"replies":[{"embeddable":true,"href":"https:\/\/labs.bioresis.com\/es\/wp-json\/wp\/v2\/comments?post=52969"}],"version-history":[{"count":5,"href":"https:\/\/labs.bioresis.com\/es\/wp-json\/wp\/v2\/product\/52969\/revisions"}],"predecessor-version":[{"id":53399,"href":"https:\/\/labs.bioresis.com\/es\/wp-json\/wp\/v2\/product\/52969\/revisions\/53399"}],"wp:featuredmedia":[{"embeddable":true,"href":"https:\/\/labs.bioresis.com\/es\/wp-json\/wp\/v2\/media\/52638"}],"wp:attachment":[{"href":"https:\/\/labs.bioresis.com\/es\/wp-json\/wp\/v2\/media?parent=52969"}],"wp:term":[{"taxonomy":"product_brand","embeddable":true,"href":"https:\/\/labs.bioresis.com\/es\/wp-json\/wp\/v2\/product_brand?post=52969"},{"taxonomy":"product_cat","embeddable":true,"href":"https:\/\/labs.bioresis.com\/es\/wp-json\/wp\/v2\/product_cat?post=52969"},{"taxonomy":"product_tag","embeddable":true,"href":"https:\/\/labs.bioresis.com\/es\/wp-json\/wp\/v2\/product_tag?post=52969"}],"curies":[{"name":"wp","href":"https:\/\/api.w.org\/{rel}","templated":true}]}}