{"id":52963,"date":"2025-02-23T02:36:22","date_gmt":"2025-02-22T18:36:22","guid":{"rendered":"https:\/\/labs.bioresis.com\/?post_type=product&#038;p=52963"},"modified":"2025-02-26T15:46:09","modified_gmt":"2025-02-26T07:46:09","slug":"auricularia-auricula-polvo-ordinario-2","status":"publish","type":"product","link":"https:\/\/labs.bioresis.com\/es\/producto\/auricularia-auricula-polvo-ordinario-2\/","title":{"rendered":"Auricularia Auricula Polvo ordinario"},"content":{"rendered":"<p>Este producto no est\u00e1 disponible para compra directa. P\u00f3ngase en contacto con nosotros para consultar la disponibilidad y las opciones de personalizaci\u00f3n.<\/p>\n<div class=\"elementor-element elementor-element-c694b4e elementor-widget elementor-widget-wd_text_block\" data-id=\"c694b4e\" data-element_type=\"widget\" data-widget_type=\"wd_text_block.default\">\n<div class=\"elementor-widget-container\">\n<div class=\"wd-text-block reset-last-child text-left color-title\"><\/div>\n<\/div>\n<\/div>","protected":false},"excerpt":{"rendered":"<p>Este producto no est\u00e1 disponible para compra directa. P\u00f3ngase en contacto con nosotros para consultar la disponibilidad y las opciones de personalizaci\u00f3n.<\/p>\n<div class=\"elementor-element elementor-element-c694b4e elementor-widget elementor-widget-wd_text_block\" data-id=\"c694b4e\" data-element_type=\"widget\" data-widget_type=\"wd_text_block.default\">\n<div class=\"elementor-widget-container\">\n<div class=\"wd-text-block reset-last-child text-left color-title\">\n<p><strong>\u3010Beneficios principales\u3011<\/strong><\/p>\n<ul>\n<li>Efectos antiinflamatorios al calmar las mucosas irritadas o inflamadas.<\/li>\n<li>Fuertes propiedades antioxidantes con una correlaci\u00f3n positiva entre los niveles de fenoles y la capacidad antioxidante.<\/li>\n<li>Efectos antitromb\u00f3ticos al inhibir la agregaci\u00f3n plaquetaria y aumentar los tiempos de coagulaci\u00f3n tanto in vitro (en el tubo de ensayo) como in vivo (en el organismo).<\/li>\n<li>Reduce los niveles de colesterol total (CT), triglic\u00e9ridos y LDL (colesterol malo de baja densidad) en sangre y aumenta el nivel de HDL (colesterol bueno de alta densidad) en sangre.<\/li>\n<li>Efectos cardioprotectores.<\/li>\n<\/ul>\n<\/ul>\n<\/div>\n<\/div>\n<p>&nbsp;<\/p>\n<\/div>","protected":false},"featured_media":52635,"comment_status":"open","ping_status":"closed","template":"","meta":[],"product_brand":[],"product_cat":[194,179],"product_tag":[],"class_list":{"0":"post-52963","1":"product","2":"type-product","3":"status-publish","4":"has-post-thumbnail","6":"product_cat-functional-mushroom-ordinary-powder","7":"product_cat-functional-mushroom-extracts-powders","9":"first","10":"instock","11":"taxable","12":"shipping-taxable","13":"product-type-simple"},"_links":{"self":[{"href":"https:\/\/labs.bioresis.com\/es\/wp-json\/wp\/v2\/product\/52963","targetHints":{"allow":["GET"]}}],"collection":[{"href":"https:\/\/labs.bioresis.com\/es\/wp-json\/wp\/v2\/product"}],"about":[{"href":"https:\/\/labs.bioresis.com\/es\/wp-json\/wp\/v2\/types\/product"}],"replies":[{"embeddable":true,"href":"https:\/\/labs.bioresis.com\/es\/wp-json\/wp\/v2\/comments?post=52963"}],"version-history":[{"count":5,"href":"https:\/\/labs.bioresis.com\/es\/wp-json\/wp\/v2\/product\/52963\/revisions"}],"predecessor-version":[{"id":53404,"href":"https:\/\/labs.bioresis.com\/es\/wp-json\/wp\/v2\/product\/52963\/revisions\/53404"}],"wp:featuredmedia":[{"embeddable":true,"href":"https:\/\/labs.bioresis.com\/es\/wp-json\/wp\/v2\/media\/52635"}],"wp:attachment":[{"href":"https:\/\/labs.bioresis.com\/es\/wp-json\/wp\/v2\/media?parent=52963"}],"wp:term":[{"taxonomy":"product_brand","embeddable":true,"href":"https:\/\/labs.bioresis.com\/es\/wp-json\/wp\/v2\/product_brand?post=52963"},{"taxonomy":"product_cat","embeddable":true,"href":"https:\/\/labs.bioresis.com\/es\/wp-json\/wp\/v2\/product_cat?post=52963"},{"taxonomy":"product_tag","embeddable":true,"href":"https:\/\/labs.bioresis.com\/es\/wp-json\/wp\/v2\/product_tag?post=52963"}],"curies":[{"name":"wp","href":"https:\/\/api.w.org\/{rel}","templated":true}]}}