{"id":52959,"date":"2025-02-23T02:34:20","date_gmt":"2025-02-22T18:34:20","guid":{"rendered":"https:\/\/labs.bioresis.com\/?post_type=product&#038;p=52959"},"modified":"2025-02-26T15:49:14","modified_gmt":"2025-02-26T07:49:14","slug":"chaga-inonotus-obliquus-polvo-ordinario","status":"publish","type":"product","link":"https:\/\/labs.bioresis.com\/es\/producto\/chaga-inonotus-obliquus-polvo-ordinario\/","title":{"rendered":"Chaga (Inonotus Obliquus) Polvo ordinario"},"content":{"rendered":"<p>Este producto no est\u00e1 disponible para compra directa. P\u00f3ngase en contacto con nosotros para consultar la disponibilidad y las opciones de personalizaci\u00f3n.<\/p>\n<div class=\"elementor-element elementor-element-c694b4e elementor-widget elementor-widget-wd_text_block\" data-id=\"c694b4e\" data-element_type=\"widget\" data-widget_type=\"wd_text_block.default\">\n<div class=\"elementor-widget-container\">\n<div class=\"wd-text-block reset-last-child text-left color-title\"><\/div>\n<\/div>\n<\/div>","protected":false},"excerpt":{"rendered":"<p>Este producto no est\u00e1 disponible para compra directa. P\u00f3ngase en contacto con nosotros para consultar la disponibilidad y las opciones de personalizaci\u00f3n.<\/p>\n<div class=\"elementor-element elementor-element-c694b4e elementor-widget elementor-widget-wd_text_block\" data-id=\"c694b4e\" data-element_type=\"widget\" data-widget_type=\"wd_text_block.default\">\n<div class=\"elementor-widget-container\">\n<div class=\"wd-text-block reset-last-child text-left color-title\">\n<p><strong>\u3010Beneficios principales\u3011<\/strong><\/p>\n<ul>\n<li>Se recolecta de \u00e1rboles curativos que abundan en Rusia.<\/li>\n<li>Propiedades antienvejecimiento.<\/li>\n<li>Mejora la condici\u00f3n del SIDA.<\/li>\n<li>Alivia y previene las alergias cut\u00e1neas.<\/li>\n<li>Suprime la formaci\u00f3n de virus infecciosos.<\/li>\n<li>Regula el nivel de az\u00facar en sangre y la tensi\u00f3n arterial.<\/li>\n<li>Previene la met\u00e1stasis y la reca\u00edda de las c\u00e9lulas cancerosas.<\/li>\n<li>Reduce los tumores malignos y aumenta la tolerancia a la quimioterapia y la radioterapia.<\/li>\n<li>Mejora las afecciones cancerosas (mama, labio, est\u00f3mago, par\u00f3tida, pulm\u00f3n, piel, colorrectal, linfoma Hawkins).<\/li>\n<li>Mejora las afecciones de hepatitis, gastritis, \u00falcera duodenal, nefritis, v\u00f3mitos anormales, diarrea y trastornos gastrointestinales.<\/li>\n<\/ul>\n<\/ul>\n<\/div>\n<\/div>\n<p>&nbsp;<\/p>\n<\/div>","protected":false},"featured_media":53357,"comment_status":"open","ping_status":"closed","template":"","meta":[],"product_brand":[],"product_cat":[194,179],"product_tag":[],"class_list":{"0":"post-52959","1":"product","2":"type-product","3":"status-publish","4":"has-post-thumbnail","6":"product_cat-functional-mushroom-ordinary-powder","7":"product_cat-functional-mushroom-extracts-powders","9":"first","10":"instock","11":"taxable","12":"shipping-taxable","13":"product-type-simple"},"_links":{"self":[{"href":"https:\/\/labs.bioresis.com\/es\/wp-json\/wp\/v2\/product\/52959","targetHints":{"allow":["GET"]}}],"collection":[{"href":"https:\/\/labs.bioresis.com\/es\/wp-json\/wp\/v2\/product"}],"about":[{"href":"https:\/\/labs.bioresis.com\/es\/wp-json\/wp\/v2\/types\/product"}],"replies":[{"embeddable":true,"href":"https:\/\/labs.bioresis.com\/es\/wp-json\/wp\/v2\/comments?post=52959"}],"version-history":[{"count":7,"href":"https:\/\/labs.bioresis.com\/es\/wp-json\/wp\/v2\/product\/52959\/revisions"}],"predecessor-version":[{"id":53358,"href":"https:\/\/labs.bioresis.com\/es\/wp-json\/wp\/v2\/product\/52959\/revisions\/53358"}],"wp:featuredmedia":[{"embeddable":true,"href":"https:\/\/labs.bioresis.com\/es\/wp-json\/wp\/v2\/media\/53357"}],"wp:attachment":[{"href":"https:\/\/labs.bioresis.com\/es\/wp-json\/wp\/v2\/media?parent=52959"}],"wp:term":[{"taxonomy":"product_brand","embeddable":true,"href":"https:\/\/labs.bioresis.com\/es\/wp-json\/wp\/v2\/product_brand?post=52959"},{"taxonomy":"product_cat","embeddable":true,"href":"https:\/\/labs.bioresis.com\/es\/wp-json\/wp\/v2\/product_cat?post=52959"},{"taxonomy":"product_tag","embeddable":true,"href":"https:\/\/labs.bioresis.com\/es\/wp-json\/wp\/v2\/product_tag?post=52959"}],"curies":[{"name":"wp","href":"https:\/\/api.w.org\/{rel}","templated":true}]}}