{"id":52936,"date":"2025-02-23T02:24:31","date_gmt":"2025-02-22T18:24:31","guid":{"rendered":"https:\/\/labs.bioresis.com\/?post_type=product&#038;p=52936"},"modified":"2025-02-26T16:04:10","modified_gmt":"2025-02-26T08:04:10","slug":"maitake-grifola-frondosa-extract-powder","status":"publish","type":"product","link":"https:\/\/labs.bioresis.com\/es\/producto\/maitake-grifola-frondosa-extract-powder\/","title":{"rendered":"Extracto de Maitake (Grifola Frondosa) en polvo"},"content":{"rendered":"<p>Este producto no est\u00e1 disponible para compra directa. P\u00f3ngase en contacto con nosotros para consultar la disponibilidad y las opciones de personalizaci\u00f3n.<\/p>","protected":false},"excerpt":{"rendered":"<p>Este producto no est\u00e1 disponible para compra directa. P\u00f3ngase en contacto con nosotros para consultar la disponibilidad y las opciones de personalizaci\u00f3n.<\/p>\n<div class=\"elementor-element elementor-element-c694b4e elementor-widget elementor-widget-wd_text_block\" data-id=\"c694b4e\" data-element_type=\"widget\" data-widget_type=\"wd_text_block.default\">\n<div class=\"elementor-widget-container\">\n<div class=\"wd-text-block reset-last-child text-left color-title\">\n<p><strong>\u3010Beneficios principales\u3011<\/strong><\/p>\n<ul>\n<li>Harvested from rich, healthy lands in Japan.<\/li>\n<li>Restores pancreatic function.<\/li>\n<li>Inhibits fat cell accumulation.<\/li>\n<li>Regulates blood pressure.<\/li>\n<li>Reduces insulin resistance to control blood sugar level.<\/li>\n<li>Suppresses tumour growth (induce apoptosis in cancer cells).<\/li>\n<li>Enhances immunity by activating macrophages, natural killer cells, T-cells, B-cells &amp; other phagocytic cells.<\/li>\n<li>Elicits secretion of interferon-\u03b3, tumor necrosis factor-\u03b1 &amp; other cytokines.<\/li>\n<li>Assists conventional chemotherapy drugs to increase efficacy of cancer treatments.<\/li>\n<li>Relieves cancer pain &amp; improves cancer condition (breast, lung, liver).<\/li>\n<li>Reduces side effects of chemotherapy (appetite loss, vomiting, nausea, hair loss &amp; leukopenia).<\/li>\n<\/ul>\n<\/ul>\n<\/div>\n<\/div>\n<p>&nbsp;<\/p>\n<\/div>","protected":false},"featured_media":52614,"comment_status":"open","ping_status":"closed","template":"","meta":[],"product_brand":[],"product_cat":[193,179],"product_tag":[],"class_list":{"0":"post-52936","1":"product","2":"type-product","3":"status-publish","4":"has-post-thumbnail","6":"product_cat-functional-mushroom-extract-powders","7":"product_cat-functional-mushroom-extracts-powders","9":"first","10":"instock","11":"taxable","12":"shipping-taxable","13":"product-type-simple"},"_links":{"self":[{"href":"https:\/\/labs.bioresis.com\/es\/wp-json\/wp\/v2\/product\/52936","targetHints":{"allow":["GET"]}}],"collection":[{"href":"https:\/\/labs.bioresis.com\/es\/wp-json\/wp\/v2\/product"}],"about":[{"href":"https:\/\/labs.bioresis.com\/es\/wp-json\/wp\/v2\/types\/product"}],"replies":[{"embeddable":true,"href":"https:\/\/labs.bioresis.com\/es\/wp-json\/wp\/v2\/comments?post=52936"}],"version-history":[{"count":5,"href":"https:\/\/labs.bioresis.com\/es\/wp-json\/wp\/v2\/product\/52936\/revisions"}],"predecessor-version":[{"id":53440,"href":"https:\/\/labs.bioresis.com\/es\/wp-json\/wp\/v2\/product\/52936\/revisions\/53440"}],"wp:featuredmedia":[{"embeddable":true,"href":"https:\/\/labs.bioresis.com\/es\/wp-json\/wp\/v2\/media\/52614"}],"wp:attachment":[{"href":"https:\/\/labs.bioresis.com\/es\/wp-json\/wp\/v2\/media?parent=52936"}],"wp:term":[{"taxonomy":"product_brand","embeddable":true,"href":"https:\/\/labs.bioresis.com\/es\/wp-json\/wp\/v2\/product_brand?post=52936"},{"taxonomy":"product_cat","embeddable":true,"href":"https:\/\/labs.bioresis.com\/es\/wp-json\/wp\/v2\/product_cat?post=52936"},{"taxonomy":"product_tag","embeddable":true,"href":"https:\/\/labs.bioresis.com\/es\/wp-json\/wp\/v2\/product_tag?post=52936"}],"curies":[{"name":"wp","href":"https:\/\/api.w.org\/{rel}","templated":true}]}}