{"id":52930,"date":"2025-02-23T02:21:57","date_gmt":"2025-02-22T18:21:57","guid":{"rendered":"https:\/\/labs.bioresis.com\/?post_type=product&#038;p=52930"},"modified":"2025-02-26T16:07:10","modified_gmt":"2025-02-26T08:07:10","slug":"volvariella-volvacea-extract-powder","status":"publish","type":"product","link":"https:\/\/labs.bioresis.com\/es\/producto\/volvariella-volvacea-extract-powder\/","title":{"rendered":"Extracto de Volvariella Volvacea en polvo"},"content":{"rendered":"<p>Este producto no est\u00e1 disponible para compra directa. P\u00f3ngase en contacto con nosotros para consultar la disponibilidad y las opciones de personalizaci\u00f3n.<\/p>\n<div class=\"elementor-element elementor-element-c694b4e elementor-widget elementor-widget-wd_text_block\" data-id=\"c694b4e\" data-element_type=\"widget\" data-widget_type=\"wd_text_block.default\">\n<div class=\"elementor-widget-container\">\n<div class=\"wd-text-block reset-last-child text-left color-title\"><\/div>\n<\/div>\n<\/div>","protected":false},"excerpt":{"rendered":"<p>Este producto no est\u00e1 disponible para compra directa. P\u00f3ngase en contacto con nosotros para consultar la disponibilidad y las opciones de personalizaci\u00f3n.<\/p>\n<div class=\"elementor-element elementor-element-c694b4e elementor-widget elementor-widget-wd_text_block\" data-id=\"c694b4e\" data-element_type=\"widget\" data-widget_type=\"wd_text_block.default\">\n<div class=\"elementor-widget-container\">\n<div class=\"wd-text-block reset-last-child text-left color-title\">\n<p><strong>\u3010Beneficios principales:\u3011<\/strong><\/p>\n<ul>\n<li>Elimina el calor.<\/li>\n<li>Aumenta la energ\u00eda y la vitalidad.<\/li>\n<li>Favorece la producci\u00f3n de fluidos corporales.<\/li>\n<li>Contiene prote\u00ednas, grasas, hierro, zinc, diversos amino\u00e1cidos y grandes cantidades de vitamina C.<\/li>\n<li>Posee beneficios curativos para la hipertensi\u00f3n y el alto nivel de colesterol en sangre.<\/li>\n<li>A menudo se utiliza como tratamiento auxiliar en pacientes con c\u00e1ncer y diabetes.<\/li>\n<\/ul>\n<\/div>\n<\/div>\n<p>&nbsp;<\/p>\n<\/div>","protected":false},"featured_media":52611,"comment_status":"open","ping_status":"closed","template":"","meta":[],"product_brand":[],"product_cat":[193,179],"product_tag":[],"class_list":{"0":"post-52930","1":"product","2":"type-product","3":"status-publish","4":"has-post-thumbnail","6":"product_cat-functional-mushroom-extract-powders","7":"product_cat-functional-mushroom-extracts-powders","9":"first","10":"instock","11":"taxable","12":"shipping-taxable","13":"product-type-simple"},"_links":{"self":[{"href":"https:\/\/labs.bioresis.com\/es\/wp-json\/wp\/v2\/product\/52930","targetHints":{"allow":["GET"]}}],"collection":[{"href":"https:\/\/labs.bioresis.com\/es\/wp-json\/wp\/v2\/product"}],"about":[{"href":"https:\/\/labs.bioresis.com\/es\/wp-json\/wp\/v2\/types\/product"}],"replies":[{"embeddable":true,"href":"https:\/\/labs.bioresis.com\/es\/wp-json\/wp\/v2\/comments?post=52930"}],"version-history":[{"count":4,"href":"https:\/\/labs.bioresis.com\/es\/wp-json\/wp\/v2\/product\/52930\/revisions"}],"predecessor-version":[{"id":53448,"href":"https:\/\/labs.bioresis.com\/es\/wp-json\/wp\/v2\/product\/52930\/revisions\/53448"}],"wp:featuredmedia":[{"embeddable":true,"href":"https:\/\/labs.bioresis.com\/es\/wp-json\/wp\/v2\/media\/52611"}],"wp:attachment":[{"href":"https:\/\/labs.bioresis.com\/es\/wp-json\/wp\/v2\/media?parent=52930"}],"wp:term":[{"taxonomy":"product_brand","embeddable":true,"href":"https:\/\/labs.bioresis.com\/es\/wp-json\/wp\/v2\/product_brand?post=52930"},{"taxonomy":"product_cat","embeddable":true,"href":"https:\/\/labs.bioresis.com\/es\/wp-json\/wp\/v2\/product_cat?post=52930"},{"taxonomy":"product_tag","embeddable":true,"href":"https:\/\/labs.bioresis.com\/es\/wp-json\/wp\/v2\/product_tag?post=52930"}],"curies":[{"name":"wp","href":"https:\/\/api.w.org\/{rel}","templated":true}]}}