{"id":52908,"date":"2025-02-23T02:14:59","date_gmt":"2025-02-22T18:14:59","guid":{"rendered":"https:\/\/labs.bioresis.com\/?post_type=product&#038;p=52908"},"modified":"2025-02-26T16:06:28","modified_gmt":"2025-02-26T08:06:28","slug":"shitake-lentinula-edodes-extract-powder","status":"publish","type":"product","link":"https:\/\/labs.bioresis.com\/es\/producto\/shitake-lentinula-edodes-extract-powder\/","title":{"rendered":"Extracto de Shitake (Lentinula Edodes) en polvo"},"content":{"rendered":"<p>Este producto no est\u00e1 disponible para compra directa. P\u00f3ngase en contacto con nosotros para consultar la disponibilidad y las opciones de personalizaci\u00f3n.<\/p>\n<div class=\"elementor-element elementor-element-c694b4e elementor-widget elementor-widget-wd_text_block\" data-id=\"c694b4e\" data-element_type=\"widget\" data-widget_type=\"wd_text_block.default\">\n<div class=\"elementor-widget-container\">\n<div class=\"wd-text-block reset-last-child text-left color-title\"><\/div>\n<\/div>\n<\/div>","protected":false},"excerpt":{"rendered":"<p>Este producto no est\u00e1 disponible para compra directa. P\u00f3ngase en contacto con nosotros para consultar la disponibilidad y las opciones de personalizaci\u00f3n.<\/p>\n<div class=\"elementor-element elementor-element-c694b4e elementor-widget elementor-widget-wd_text_block\" data-id=\"c694b4e\" data-element_type=\"widget\" data-widget_type=\"wd_text_block.default\">\n<div class=\"elementor-widget-container\">\n<div class=\"wd-text-block reset-last-child text-left color-title\">\n<p><strong>\u3010Beneficios principales:\u3011<\/strong><\/p>\n<ul>\n<li>Reduces tumours.<\/li>\n<li>Induces weight loss.<\/li>\n<li>Prevents exhaustion.<\/li>\n<li>Cures respiratory diseases.<\/li>\n<li>Helps prevent thrombosis.<\/li>\n<li>Regulates poor blood circulation.<\/li>\n<li>Reduces fibrocystic breast disease.<\/li>\n<li>Fights free radicals as an antioxidant.<\/li>\n<li>Reduces cholesterol and lowers blood pressure.<\/li>\n<li>Improves liver function and cures liver diseases.<\/li>\n<li>Fights viral infections and strengthens immune system.<\/li>\n<li>Suitable for diseases involving depressed immune function such as cancer, AIDS, environmental allergies, candida infections as well as frequent flu and cold.<\/li>\n<\/ul>\n<div class=\"elementor-element elementor-element-c694b4e elementor-widget elementor-widget-wd_text_block\" data-id=\"c694b4e\" data-element_type=\"widget\" data-widget_type=\"wd_text_block.default\">\n<div class=\"elementor-widget-container\">\n<div class=\"wd-text-block reset-last-child text-left color-title\"><\/div>\n<\/div>\n<\/div>\n<\/div>\n<\/div>\n<\/div>","protected":false},"featured_media":52600,"comment_status":"open","ping_status":"closed","template":"","meta":[],"product_brand":[],"product_cat":[193,179],"product_tag":[],"class_list":{"0":"post-52908","1":"product","2":"type-product","3":"status-publish","4":"has-post-thumbnail","6":"product_cat-functional-mushroom-extract-powders","7":"product_cat-functional-mushroom-extracts-powders","9":"first","10":"instock","11":"taxable","12":"shipping-taxable","13":"product-type-simple"},"_links":{"self":[{"href":"https:\/\/labs.bioresis.com\/es\/wp-json\/wp\/v2\/product\/52908","targetHints":{"allow":["GET"]}}],"collection":[{"href":"https:\/\/labs.bioresis.com\/es\/wp-json\/wp\/v2\/product"}],"about":[{"href":"https:\/\/labs.bioresis.com\/es\/wp-json\/wp\/v2\/types\/product"}],"replies":[{"embeddable":true,"href":"https:\/\/labs.bioresis.com\/es\/wp-json\/wp\/v2\/comments?post=52908"}],"version-history":[{"count":3,"href":"https:\/\/labs.bioresis.com\/es\/wp-json\/wp\/v2\/product\/52908\/revisions"}],"predecessor-version":[{"id":53445,"href":"https:\/\/labs.bioresis.com\/es\/wp-json\/wp\/v2\/product\/52908\/revisions\/53445"}],"wp:featuredmedia":[{"embeddable":true,"href":"https:\/\/labs.bioresis.com\/es\/wp-json\/wp\/v2\/media\/52600"}],"wp:attachment":[{"href":"https:\/\/labs.bioresis.com\/es\/wp-json\/wp\/v2\/media?parent=52908"}],"wp:term":[{"taxonomy":"product_brand","embeddable":true,"href":"https:\/\/labs.bioresis.com\/es\/wp-json\/wp\/v2\/product_brand?post=52908"},{"taxonomy":"product_cat","embeddable":true,"href":"https:\/\/labs.bioresis.com\/es\/wp-json\/wp\/v2\/product_cat?post=52908"},{"taxonomy":"product_tag","embeddable":true,"href":"https:\/\/labs.bioresis.com\/es\/wp-json\/wp\/v2\/product_tag?post=52908"}],"curies":[{"name":"wp","href":"https:\/\/api.w.org\/{rel}","templated":true}]}}