{"id":52906,"date":"2025-02-23T02:14:23","date_gmt":"2025-02-22T18:14:23","guid":{"rendered":"https:\/\/labs.bioresis.com\/?post_type=product&#038;p=52906"},"modified":"2025-02-26T15:55:56","modified_gmt":"2025-02-26T07:55:56","slug":"agaricus-blazei-murill-extract-powder","status":"publish","type":"product","link":"https:\/\/labs.bioresis.com\/es\/producto\/agaricus-blazei-murill-extract-powder\/","title":{"rendered":"Agaricus Blazei Murill Extracto en polvo"},"content":{"rendered":"<p>Este producto no est\u00e1 disponible para compra directa. P\u00f3ngase en contacto con nosotros para consultar la disponibilidad y las opciones de personalizaci\u00f3n.<\/p>\n<div class=\"elementor-element elementor-element-c694b4e elementor-widget elementor-widget-wd_text_block\" data-id=\"c694b4e\" data-element_type=\"widget\" data-widget_type=\"wd_text_block.default\">\n<div class=\"elementor-widget-container\">\n<div class=\"wd-text-block reset-last-child text-left color-title\"><\/div>\n<\/div>\n<\/div>","protected":false},"excerpt":{"rendered":"<p>Este producto no est\u00e1 disponible para compra directa. P\u00f3ngase en contacto con nosotros para consultar la disponibilidad y las opciones de personalizaci\u00f3n.<\/p>\n<div class=\"elementor-element elementor-element-c694b4e elementor-widget elementor-widget-wd_text_block\" data-id=\"c694b4e\" data-element_type=\"widget\" data-widget_type=\"wd_text_block.default\">\n<div class=\"elementor-widget-container\">\n<div class=\"wd-text-block reset-last-child text-left color-title\">\n<p><strong>\u3010Beneficios principales\u3011<\/strong><\/p>\n<ul>\n<li>Farmed from the fertile soils of Brazil.<\/li>\n<li>Enhances bone marrow hematopoietic function.<\/li>\n<li>Increases on-demand hemoglobin, platelets &amp; white blood cells.<\/li>\n<li>Improves tolerance &amp; reduces side effects for chemotherapy &amp; radiotherapy treatments.<\/li>\n<li>Improves overall immune system by activating macrophages, T-cells, B-cells, natural killer cells &amp; other phagocytic cells.<\/li>\n<\/ul>\n<\/ul>\n<\/div>\n<\/div>\n<p>&nbsp;<\/p>\n<\/div>","protected":false},"featured_media":52599,"comment_status":"open","ping_status":"closed","template":"","meta":[],"product_brand":[],"product_cat":[193,179],"product_tag":[],"class_list":{"0":"post-52906","1":"product","2":"type-product","3":"status-publish","4":"has-post-thumbnail","6":"product_cat-functional-mushroom-extract-powders","7":"product_cat-functional-mushroom-extracts-powders","9":"first","10":"instock","11":"taxable","12":"shipping-taxable","13":"product-type-simple"},"_links":{"self":[{"href":"https:\/\/labs.bioresis.com\/es\/wp-json\/wp\/v2\/product\/52906","targetHints":{"allow":["GET"]}}],"collection":[{"href":"https:\/\/labs.bioresis.com\/es\/wp-json\/wp\/v2\/product"}],"about":[{"href":"https:\/\/labs.bioresis.com\/es\/wp-json\/wp\/v2\/types\/product"}],"replies":[{"embeddable":true,"href":"https:\/\/labs.bioresis.com\/es\/wp-json\/wp\/v2\/comments?post=52906"}],"version-history":[{"count":4,"href":"https:\/\/labs.bioresis.com\/es\/wp-json\/wp\/v2\/product\/52906\/revisions"}],"predecessor-version":[{"id":53417,"href":"https:\/\/labs.bioresis.com\/es\/wp-json\/wp\/v2\/product\/52906\/revisions\/53417"}],"wp:featuredmedia":[{"embeddable":true,"href":"https:\/\/labs.bioresis.com\/es\/wp-json\/wp\/v2\/media\/52599"}],"wp:attachment":[{"href":"https:\/\/labs.bioresis.com\/es\/wp-json\/wp\/v2\/media?parent=52906"}],"wp:term":[{"taxonomy":"product_brand","embeddable":true,"href":"https:\/\/labs.bioresis.com\/es\/wp-json\/wp\/v2\/product_brand?post=52906"},{"taxonomy":"product_cat","embeddable":true,"href":"https:\/\/labs.bioresis.com\/es\/wp-json\/wp\/v2\/product_cat?post=52906"},{"taxonomy":"product_tag","embeddable":true,"href":"https:\/\/labs.bioresis.com\/es\/wp-json\/wp\/v2\/product_tag?post=52906"}],"curies":[{"name":"wp","href":"https:\/\/api.w.org\/{rel}","templated":true}]}}