{"id":27350,"date":"2021-08-25T08:25:29","date_gmt":"2021-08-25T08:25:29","guid":{"rendered":"https:\/\/wpbingosite.com\/wordpress\/aenyo\/?page_id=27350"},"modified":"2025-03-25T06:21:28","modified_gmt":"2025-03-24T22:21:28","slug":"politica-de-privacidad","status":"publish","type":"page","link":"https:\/\/labs.bioresis.com\/es\/politica-de-privacidad\/","title":{"rendered":"Pol\u00edtica de privacidad"},"content":{"rendered":"<div data-elementor-type=\"wp-page\" data-elementor-id=\"27350\" class=\"elementor elementor-27350\" data-elementor-post-type=\"page\">\n\t\t\t\t<section class=\"wd-negative-gap elementor-section elementor-top-section elementor-element elementor-element-2f1d2f37 elementor-section-boxed elementor-section-height-default elementor-section-height-default\" data-id=\"2f1d2f37\" data-element_type=\"section\" data-e-type=\"section\">\n\t\t\t\t\t\t<div class=\"elementor-container elementor-column-gap-default\">\n\t\t\t\t\t<div class=\"elementor-column elementor-col-100 elementor-top-column elementor-element elementor-element-72fd1b46\" data-id=\"72fd1b46\" data-element_type=\"column\" data-e-type=\"column\">\n\t\t\t<div class=\"elementor-widget-wrap elementor-element-populated\">\n\t\t\t\t\t\t<div class=\"elementor-element elementor-element-6d02a8a5 color-scheme-inherit text-left elementor-widget elementor-widget-text-editor\" data-id=\"6d02a8a5\" data-element_type=\"widget\" data-e-type=\"widget\" data-widget_type=\"text-editor.default\">\n\t\t\t\t<div class=\"elementor-widget-container\"><h2>Pol\u00edtica de privacidad:<\/h2>\n<p>Valoramos su privacidad. Consulte nuestra Pol\u00edtica de privacidad para saber c\u00f3mo recopilamos, utilizamos y protegemos su informaci\u00f3n.<\/p>\n<h2>Introducci\u00f3n:<\/h2>\n<p>En Bioresis nos comprometemos a proteger los datos personales de nuestros clientes y usuarios. Esta pol\u00edtica de privacidad describe c\u00f3mo recopilamos, utilizamos, almacenamos y protegemos su informaci\u00f3n cuando interact\u00faa con nuestro sitio web o nuestros servicios.<\/p>\n<p><u>Recogida y uso de la informaci\u00f3n<\/u><\/p>\n<p>Recogemos datos personales con varios fines:<\/p>\n<ul>\n<li><u>Cumplimiento de contratos<\/u>: Para desarrollar, cumplir y ejecutar contratos relacionados con la venta de nuestros productos o cualquier otra relaci\u00f3n comercial entre nosotros.<\/li>\n<li><u>Atenci\u00f3n al cliente<\/u>: Para atender las solicitudes que nos haga.<\/li>\n<li><u>Comunicaci\u00f3n<\/u>: Para proporcionar informaci\u00f3n sobre nuestros productos, incluido el env\u00edo de comunicaciones comerciales por correo electr\u00f3nico u otros medios electr\u00f3nicos (como SMS), as\u00ed como a trav\u00e9s de llamadas telef\u00f3nicas.<\/li>\n<\/ul>\n<h2>Informaci\u00f3n sobre el pago:<\/h2>\n<p>We do not store or transmit credit\/debit card details since payments are processed through secure gateways like PayPal, or Curlec.<\/p>\n<p><u>Aceptaci\u00f3n y verificaci\u00f3n de la edad<\/u><\/p>\n<p>Marcando la casilla correspondiente durante el registro o la interacci\u00f3n con nuestro sitio\/servicios:<\/p>\n<ol>\n<li>Usted consiente expresamente que sus datos personales puedan ser tratados por Bioresis para los fines arriba indicados.<\/li>\n<li>Confirma que es mayor de 18 a\u00f1os.<\/li>\n<\/ol>\n<p>Como responsables de los ficheros de datos personales en Bioresis, nos comprometemos a mantener el secreto profesional y la confidencialidad sobre toda la informaci\u00f3n recogida. Estas obligaciones persisten incluso despu\u00e9s de finalizar las relaciones de los usuarios con nosotros.<\/p>\n<p>Para garantizar la seguridad:<\/p>\n<ol>\n<li>Adoptamos las medidas necesarias contra el acceso no autorizado.<\/li>\n<\/ol>\n<p>2. Mantenemos en todo momento la confidencialidad de acuerdo con las normas tecnol\u00f3gicas vigentes.<br \/><br \/><\/p>\n<h2>Return &amp; Refund Policy:<\/h2>\n<p>1.\u2060 \u2060Returns<br \/>\u2022\u2060 \u2060You have 14 days from the date of delivery to return an item.<br \/><br \/>\u2022\u2060 \u2060To be eligible for a return, the product must be unused, unopened, and in the same condition that you received it. It must also be in the original packaging.<br \/><br \/>\u2022\u2060 \u2060Items that are opened, partially used, or not in their original condition cannot be returned due to health and safety regulations.<br \/><br \/>\u2022\u2060 \u2060To initiate a return, please contact our customer service team with your order details and the reason for the return.<br \/><br \/>2.\u2060 \u2060Refunds<br \/>\u2022\u2060 \u2060Once we receive your returned item and inspect it, we will notify you of the status of your refund.<br \/><br \/>\u2022\u2060 \u2060If your return is approved, we will process a refund to your original method of payment within 7 business days.<br \/><br \/>\u2022\u2060 \u2060Shipping costs are non-refundable. If you receive a refund, the cost of return shipping will be deducted from your refund unless the return is due to a mistake on our end (e.g., the wrong item shipped or damaged product).<br \/><br \/>3.\u2060 \u2060Exchanges<br \/>\u2022\u2060 \u2060We only replace items if they are defective or damaged upon arrival. If you need an exchange for the same item, contact us.<\/p>\n<h2><strong>P\u00f3ngase en contacto con nosotros<\/strong><\/h2>\n<p>Para cualquier pregunta o duda sobre esta pol\u00edtica de privacidad:<\/p>\n<p>Contacto: <u>info@bioresis.com<\/u><\/p>\n<h2><strong>Actualizaciones<\/strong><\/h2>\n<p>Esta pol\u00edtica puede actualizarse peri\u00f3dicamente en cumplimiento de los cambios en los requisitos legales o las pr\u00e1cticas empresariales. Por favor, compruebe peri\u00f3dicamente las actualizaciones.<\/p>\n<p><br \/><br \/><br \/><br \/><\/p><\/div>\n\t\t\t\t<\/div>\n\t\t\t\t\t<\/div>\n\t\t<\/div>\n\t\t\t\t\t<\/div>\n\t\t<\/section>\t\t<\/div>","protected":false},"excerpt":{"rendered":"<p>Privacy Policy: We value your privacy. Please refer to our Privacy Policy for details on how we collect, use, and<\/p>","protected":false},"author":1,"featured_media":0,"parent":0,"menu_order":0,"comment_status":"closed","ping_status":"closed","template":"","meta":{"footnotes":""},"class_list":["post-27350","page","type-page","status-publish","hentry"],"_links":{"self":[{"href":"https:\/\/labs.bioresis.com\/es\/wp-json\/wp\/v2\/pages\/27350","targetHints":{"allow":["GET"]}}],"collection":[{"href":"https:\/\/labs.bioresis.com\/es\/wp-json\/wp\/v2\/pages"}],"about":[{"href":"https:\/\/labs.bioresis.com\/es\/wp-json\/wp\/v2\/types\/page"}],"author":[{"embeddable":true,"href":"https:\/\/labs.bioresis.com\/es\/wp-json\/wp\/v2\/users\/1"}],"replies":[{"embeddable":true,"href":"https:\/\/labs.bioresis.com\/es\/wp-json\/wp\/v2\/comments?post=27350"}],"version-history":[{"count":11,"href":"https:\/\/labs.bioresis.com\/es\/wp-json\/wp\/v2\/pages\/27350\/revisions"}],"predecessor-version":[{"id":53554,"href":"https:\/\/labs.bioresis.com\/es\/wp-json\/wp\/v2\/pages\/27350\/revisions\/53554"}],"wp:attachment":[{"href":"https:\/\/labs.bioresis.com\/es\/wp-json\/wp\/v2\/media?parent=27350"}],"curies":[{"name":"wp","href":"https:\/\/api.w.org\/{rel}","templated":true}]}}